{"id":176,"date":"2025-02-26T15:40:25","date_gmt":"2025-02-26T15:40:25","guid":{"rendered":"https:\/\/ppcnet.ca\/?page_id=176"},"modified":"2025-02-26T15:40:25","modified_gmt":"2025-02-26T15:40:25","slug":"eda","status":"publish","type":"page","link":"https:\/\/ppcnet.ca\/fr\/eda\/","title":{"rendered":"ACE"},"content":{"rendered":"<p><div class=\"fusion-fullwidth fullwidth-box fusion-builder-row-1 fusion-flex-container has-pattern-background has-mask-background hundred-percent-fullwidth non-hundred-percent-height-scrolling\" style=\"--awb-border-radius-top-left:0px;--awb-border-radius-top-right:0px;--awb-border-radius-bottom-right:0px;--awb-border-radius-bottom-left:0px;--awb-padding-right:30px;--awb-padding-bottom:0px;--awb-padding-left:30px;--awb-margin-top:-100px;--awb-margin-bottom:0px;--awb-flex-wrap:wrap;\" ><div class=\"fusion-builder-row fusion-row fusion-flex-align-items-flex-start fusion-flex-content-wrap\" style=\"width:104% !important;max-width:104% !important;margin-left: calc(-4% \/ 2 );margin-right: calc(-4% \/ 2 );\"><div class=\"fusion-layout-column fusion_builder_column fusion-builder-column-0 fusion_builder_column_1_1 1_1 fusion-flex-column\" style=\"--awb-bg-size:cover;--awb-width-large:100%;--awb-margin-top-large:0px;--awb-spacing-right-large:1.92%;--awb-margin-bottom-large:20px;--awb-spacing-left-large:1.92%;--awb-width-medium:100%;--awb-order-medium:0;--awb-spacing-right-medium:1.92%;--awb-spacing-left-medium:1.92%;--awb-width-small:100%;--awb-order-small:0;--awb-spacing-right-small:1.92%;--awb-spacing-left-small:1.92%;\"><div class=\"fusion-column-wrapper fusion-column-has-shadow fusion-flex-justify-content-flex-start fusion-content-layout-column\"><div class=\"fusion-text fusion-text-1\"><h1 style=\"text-align: center;\">Mise \u00e0 jour du d\u00e9veloppement<\/h1>\n<h2 style=\"text-align: center;\"><strong>Nous sommes tr\u00e8s proches de devenir votre source pour tout ce qui concerne le PPC.<\/strong><br \/>\nRevenez nous rendre visite bient\u00f4t.<\/h2>\n<\/div><div class=\"fusion-text fusion-text-2\" style=\"--awb-margin-top:-40px;\"><h1 style=\"text-align: center;\">Merci pour votre patience.<\/h1>\n<\/div><\/div><\/div><\/div><\/div><div class=\"fusion-fullwidth fullwidth-box fusion-builder-row-2 fusion-flex-container has-pattern-background has-mask-background hundred-percent-fullwidth non-hundred-percent-height-scrolling\" style=\"--awb-border-radius-top-left:0px;--awb-border-radius-top-right:0px;--awb-border-radius-bottom-right:0px;--awb-border-radius-bottom-left:0px;--awb-padding-top:0px;--awb-padding-right:0px;--awb-padding-bottom:0px;--awb-padding-left:0px;--awb-margin-bottom:40px;--awb-background-color:var(--awb-color2);--awb-flex-wrap:wrap;\" ><div class=\"fusion-builder-row fusion-row fusion-flex-align-items-flex-start fusion-flex-content-wrap\" style=\"width:104% !important;max-width:104% !important;margin-left: calc(-4% \/ 2 );margin-right: calc(-4% \/ 2 );\"><div class=\"fusion-layout-column fusion_builder_column fusion-builder-column-1 fusion_builder_column_1_1 1_1 fusion-flex-column\" style=\"--awb-bg-color:rgba(255,255,255,0);--awb-bg-color-hover:rgba(255,255,255,0);--awb-bg-size:cover;--awb-width-large:100%;--awb-margin-top-large:0px;--awb-spacing-right-large:1.92%;--awb-margin-bottom-large:20px;--awb-spacing-left-large:1.92%;--awb-width-medium:100%;--awb-order-medium:0;--awb-spacing-right-medium:1.92%;--awb-spacing-left-medium:1.92%;--awb-width-small:100%;--awb-order-small:0;--awb-spacing-right-small:1.92%;--awb-spacing-left-small:1.92%;\" data-scroll-devices=\"small-visibility,medium-visibility,large-visibility\"><div class=\"fusion-column-wrapper fusion-column-has-shadow fusion-flex-justify-content-flex-start fusion-content-layout-column\"><div class=\"fusion-separator fusion-full-width-sep\" style=\"align-self: center;margin-left: auto;margin-right: auto;margin-bottom:20px;width:100%;\"><div class=\"fusion-separator-border sep-shadow\" style=\"--awb-height:20px;--awb-amount:20px;background:radial-gradient(ellipse at 50% -50% , var(--awb-color3) 0px, rgba(255, 255, 255, 0) 80%) repeat scroll 0 0 rgba(0, 0, 0, 0);background:-webkit-radial-gradient(ellipse at 50% -50% , var(--awb-color3) 0px, rgba(255, 255, 255, 0) 80%) repeat scroll 0 0 rgba(0, 0, 0, 0);background:-moz-radial-gradient(ellipse at 50% -50% , var(--awb-color3) 0px, rgba(255, 255, 255, 0) 80%) repeat scroll 0 0 rgba(0, 0, 0, 0);background:-o-radial-gradient(ellipse at 50% -50% , var(--awb-color3) 0px, rgba(255, 255, 255, 0) 80%) repeat scroll 0 0 rgba(0, 0, 0, 0);\"><\/div><\/div><div class=\"fusion-text fusion-text-3 fusion-text-no-margin\" style=\"--awb-margin-bottom:20px;\"><p style=\"text-align: center;\"><strong>Ce site Web vous est pr\u00e9sent\u00e9 par<\/strong><br \/>\n<strong><a href=\"https:\/\/www.wvscssppc.ca\/\" target=\"_blank\" rel=\"noopener\">Association PPC de West Vancouver-Sunshine Coast-Sea to Sky Country.<\/a><\/strong><\/p>\n<\/div><div class=\"fusion-separator fusion-full-width-sep\" style=\"align-self: center;margin-left: auto;margin-right: auto;margin-bottom:-20px;width:100%;\"><div class=\"fusion-separator-border sep-shadow\" style=\"--awb-height:20px;--awb-amount:20px;background:radial-gradient(ellipse at 50% -50% , var(--awb-color3) 0px, rgba(255, 255, 255, 0) 80%) repeat scroll 0 0 rgba(0, 0, 0, 0);background:-webkit-radial-gradient(ellipse at 50% -50% , var(--awb-color3) 0px, rgba(255, 255, 255, 0) 80%) repeat scroll 0 0 rgba(0, 0, 0, 0);background:-moz-radial-gradient(ellipse at 50% -50% , var(--awb-color3) 0px, rgba(255, 255, 255, 0) 80%) repeat scroll 0 0 rgba(0, 0, 0, 0);background:-o-radial-gradient(ellipse at 50% -50% , var(--awb-color3) 0px, rgba(255, 255, 255, 0) 80%) repeat scroll 0 0 rgba(0, 0, 0, 0);\"><\/div><\/div><\/div><\/div><\/div><\/div><div class=\"fusion-fullwidth fullwidth-box fusion-builder-row-3 fusion-flex-container has-pattern-background has-mask-background nonhundred-percent-fullwidth non-hundred-percent-height-scrolling\" style=\"--awb-border-radius-top-left:0px;--awb-border-radius-top-right:0px;--awb-border-radius-bottom-right:0px;--awb-border-radius-bottom-left:0px;--awb-padding-right:10%;--awb-padding-left:10%;--awb-margin-top:70px;--awb-margin-bottom:50px;--awb-flex-wrap:wrap;\" ><div class=\"fusion-builder-row fusion-row fusion-flex-align-items-flex-start fusion-flex-content-wrap\" style=\"max-width:1248px;margin-left: calc(-4% \/ 2 );margin-right: calc(-4% \/ 2 );\"><div class=\"fusion-layout-column fusion_builder_column fusion-builder-column-2 fusion_builder_column_1_1 1_1 fusion-flex-column\" style=\"--awb-bg-size:cover;--awb-width-large:100%;--awb-margin-top-large:0px;--awb-spacing-right-large:1.92%;--awb-margin-bottom-large:20px;--awb-spacing-left-large:1.92%;--awb-width-medium:100%;--awb-order-medium:0;--awb-spacing-right-medium:1.92%;--awb-spacing-left-medium:1.92%;--awb-width-small:100%;--awb-order-small:0;--awb-spacing-right-small:1.92%;--awb-spacing-left-small:1.92%;\"><div class=\"fusion-column-wrapper fusion-column-has-shadow fusion-flex-justify-content-flex-start fusion-content-layout-column\"><div class=\"fusion-text fusion-text-4\" style=\"--awb-margin-right:1%;--awb-margin-left:1%;\"><h2>ACCUEILLIR!<\/h2>\n<p><strong>\u00cates-vous candidat, agent officiel ou agent financier du Parti populaire du Canada? Si tel est le cas, vous \u00eates au bon endroit.<\/strong><\/p>\n<p>Ce portail vous fournira tout ce dont vous avez besoin, des documents et formulaires \u00e9lectoraux aux guides de campagne, aux feuilles d&#039;organisation et plus encore. Vous y trouverez une grande vari\u00e9t\u00e9 de mod\u00e8les d&#039;impression, de conception num\u00e9rique et de signalisation de haute qualit\u00e9, approuv\u00e9s par le si\u00e8ge social. Certains fichiers graphiques disponibles sont pr\u00eats \u00e0 imprimer, t\u00e9l\u00e9chargeables et gratuits. Nous proposons \u00e9galement une grande vari\u00e9t\u00e9 de mod\u00e8les de campagne personnalisables, imprim\u00e9s et num\u00e9riques, disponibles \u00e0 un prix raisonnable. Tous les mod\u00e8les sont conformes aux exigences du Parti populaire du Canada.<\/p>\n<p>Veuillez noter que tous ces \u00e9l\u00e9ments graphiques n\u00e9cessitent une d\u00e9claration d&#039;autorisation. Pour les candidats, cela prend la forme suivante : <em><strong>Autoris\u00e9 par l&#039;agent officiel de John Doe<\/strong>.<\/em><\/p>\n<\/div><\/div><\/div><\/div><\/div><div class=\"fusion-fullwidth fullwidth-box fusion-builder-row-4 fusion-flex-container has-pattern-background has-mask-background nonhundred-percent-fullwidth non-hundred-percent-height-scrolling\" style=\"--awb-border-radius-top-left:0px;--awb-border-radius-top-right:0px;--awb-border-radius-bottom-right:0px;--awb-border-radius-bottom-left:0px;--awb-margin-bottom:50px;--awb-flex-wrap:wrap;\" ><div class=\"fusion-builder-row fusion-row fusion-flex-align-items-flex-start fusion-flex-content-wrap\" style=\"max-width:1248px;margin-left: calc(-4% \/ 2 );margin-right: calc(-4% \/ 2 );\"><div class=\"fusion-layout-column fusion_builder_column fusion-builder-column-3 fusion_builder_column_1_1 1_1 fusion-flex-column\" style=\"--awb-bg-size:cover;--awb-width-large:100%;--awb-margin-top-large:0px;--awb-spacing-right-large:1.92%;--awb-margin-bottom-large:20px;--awb-spacing-left-large:1.92%;--awb-width-medium:100%;--awb-order-medium:0;--awb-spacing-right-medium:1.92%;--awb-spacing-left-medium:1.92%;--awb-width-small:100%;--awb-order-small:0;--awb-spacing-right-small:1.92%;--awb-spacing-left-small:1.92%;\"><div class=\"fusion-column-wrapper fusion-column-has-shadow fusion-flex-justify-content-flex-start fusion-content-layout-column\"><div class=\"fusion-separator fusion-full-width-sep\" style=\"align-self: center;margin-left: auto;margin-right: auto;width:100%;\"><div class=\"fusion-separator-border sep-shadow\" style=\"--awb-height:20px;--awb-amount:20px;background:radial-gradient(ellipse at 50% -50% , var(--awb-color3) 0px, rgba(255, 255, 255, 0) 80%) repeat scroll 0 0 rgba(0, 0, 0, 0);background:-webkit-radial-gradient(ellipse at 50% -50% , var(--awb-color3) 0px, rgba(255, 255, 255, 0) 80%) repeat scroll 0 0 rgba(0, 0, 0, 0);background:-moz-radial-gradient(ellipse at 50% -50% , var(--awb-color3) 0px, rgba(255, 255, 255, 0) 80%) repeat scroll 0 0 rgba(0, 0, 0, 0);background:-o-radial-gradient(ellipse at 50% -50% , var(--awb-color3) 0px, rgba(255, 255, 255, 0) 80%) repeat scroll 0 0 rgba(0, 0, 0, 0);\"><\/div><\/div><\/div><\/div><\/div><\/div><div class=\"fusion-fullwidth fullwidth-box fusion-builder-row-5 fusion-flex-container has-pattern-background has-mask-background hundred-percent-fullwidth non-hundred-percent-height-scrolling\" style=\"--awb-border-radius-top-left:0px;--awb-border-radius-top-right:0px;--awb-border-radius-bottom-right:0px;--awb-border-radius-bottom-left:0px;--awb-padding-right:10%;--awb-padding-bottom:-10px;--awb-padding-left:10%;--awb-flex-wrap:wrap;\" ><div class=\"fusion-builder-row fusion-row fusion-flex-align-items-flex-end fusion-flex-justify-content-center fusion-flex-content-wrap\" style=\"width:104% !important;max-width:104% !important;margin-left: calc(-4% \/ 2 );margin-right: calc(-4% \/ 2 );\"><div class=\"fusion-layout-column fusion_builder_column fusion-builder-column-4 fusion_builder_column_1_1 1_1 fusion-flex-column\" style=\"--awb-bg-size:cover;--awb-width-large:100%;--awb-margin-top-large:0px;--awb-spacing-right-large:1.92%;--awb-margin-bottom-large:20px;--awb-spacing-left-large:1.92%;--awb-width-medium:100%;--awb-order-medium:0;--awb-spacing-right-medium:1.92%;--awb-spacing-left-medium:1.92%;--awb-width-small:100%;--awb-order-small:0;--awb-spacing-right-small:1.92%;--awb-spacing-left-small:1.92%;\"><div class=\"fusion-column-wrapper fusion-column-has-shadow fusion-flex-justify-content-flex-start fusion-content-layout-column\"><div class=\"fusion-text fusion-text-5\" style=\"--awb-margin-right:10%;--awb-margin-left:10%;\"><h2>TERMINOLOGIE<\/h2>\n<h3>\u00c9lections Canada (EC)<\/h3>\n<p>\u00c9lections Canada g\u00e8re nos \u00e9lections f\u00e9d\u00e9rales et \u00e9tablit les r\u00e8gles et les exigences en mati\u00e8re de rapports pour les entit\u00e9s politiques. Chaque circonscription locale a un directeur du scrutin distinct qui est responsable des activit\u00e9s \u00e9lectorales dans sa circonscription.<\/p>\n<h3>Circonscriptions<\/h3>\n<p>Il y a actuellement 343 circonscriptions au Canada, dont les limites et certains noms sont modifi\u00e9s tous les 10 ans pour tenir compte des changements d\u00e9mographiques. Ce changement est appel\u00e9 \u00ab d\u00e9cret de repr\u00e9sentation \u00e9lectorale \u00bb. Un tel changement a eu lieu r\u00e9cemment, en vertu du d\u00e9cret de repr\u00e9sentation \u00e9lectorale de 2023, qui entrera en vigueur au moment du d\u00e9clenchement des prochaines \u00e9lections. Le nombre de circonscriptions f\u00e9d\u00e9rales passera de 338 \u00e0 343. Une carte actualis\u00e9e des circonscriptions est disponible ici :\u00a0 \u00a0<strong>\u00a0<a href=\"https:\/\/redecoupage-redistribution-2022.ca\/ebv2\/index.html?locale=fr-ca\" target=\"_blank\" rel=\"noopener\">Carte interactive<\/a><\/strong><\/p>\n<h3>Association de circonscription \u00e9lectorale (AC\u00c9)<\/h3>\n<p>\u00c0 la r\u00e9ception d\u2019une demande acceptable, EC enregistrera une association de circonscription \u00e9lectorale pour chaque parti dans chaque circonscription. Ces associations de circonscription \u00e9lectorale constituent la pr\u00e9sence officielle du parti dans une circonscription et peuvent fonctionner en permanence, en acceptant des dons et en \u00e9mettant des re\u00e7us fiscaux \u00e0 tout moment, toute l\u2019ann\u00e9e. Les associations de circonscription \u00e9lectorale sont des entit\u00e9s distinctes des candidats qu\u2019elles soutiennent.<\/p>\n<p>Une liste des ACEs peut \u00eatre trouv\u00e9e ici\u00a0; s\u00e9lectionnez <strong><em>Statut de l'association<\/em> = \u201c<em>Enregistr\u00e9<\/em>\u201c<\/strong>, car certains ne sont plus actifs.\u00a0<strong>\u00a0<a href=\"https:\/\/www.elections.ca\/WPAPPS\/WPR\/FR\/EDA\" target=\"_blank\" rel=\"noopener\">Recherche d'ACEs<\/a><\/strong><\/p>\n<h3>Association r\u00e9gionale<\/h3>\n<p>Les associations r\u00e9gionales remplissent les m\u00eames fonctions que les associations de circonscription, mais elles desservent plus d&#039;une circonscription. Le Parti populaire du Canada a adopt\u00e9 une structure mixte avec quelques associations de circonscription et quelques associations r\u00e9gionales, afin de faciliter les exigences en mati\u00e8re de rapports. Chaque association de circonscription et association r\u00e9gionale doit soumettre des rapports d\u00e9taill\u00e9s au Comit\u00e9 ex\u00e9cutif chaque ann\u00e9e.<\/p>\n<h3>Agent Officiel (AO)<\/h3>\n<p>Chaque candidat doit nommer un agent officiel. Le r\u00f4le de l&#039;agent officiel est de g\u00e9rer les transactions financi\u00e8res du candidat et de placer toutes les publicit\u00e9s \u00e9lectorales. Il est interdit aux candidats de participer \u00e0 l&#039;une de ces activit\u00e9s financi\u00e8res. L&#039;agent officiel doit ouvrir une banque \u00e0 son nom qui ne peut \u00eatre utilis\u00e9e que pour la campagne. Le nom sur le compte bancaire doit \u00eatre sous la forme suivante : <em><strong>John Doe, agent officiel<\/strong>.<\/em>\u00a0 Vous trouverez plus d&#039;informations sur les OA sous l&#039;onglet Agent officiel.<\/p>\n<h3>Agent Financier (AF)<\/h3>\n<p>Les agents financiers agissent pour le compte des associations de circonscription et des associations r\u00e9gionales, s&#039;occupent des transactions financi\u00e8res et rendent compte au CE. Leur travail est tr\u00e8s similaire \u00e0 celui de l&#039;OA, mais il est continu, plut\u00f4t que limit\u00e9 \u00e0 une seule \u00e9lection. Les agents financiers n&#039;ont pas le droit de se pr\u00e9senter comme candidats. Vous trouverez plus d&#039;informations sur les agents financiers sous l&#039;onglet Agent financier.<\/p>\n<\/div><\/div><\/div><\/div><\/div><div class=\"fusion-fullwidth fullwidth-box fusion-builder-row-6 fusion-flex-container has-pattern-background has-mask-background hundred-percent-fullwidth non-hundred-percent-height-scrolling fusion-no-small-visibility fusion-no-medium-visibility\" style=\"--link_color: var(--awb-color5);--awb-border-color:var(--awb-color5);--awb-border-radius-top-left:0px;--awb-border-radius-top-right:0px;--awb-border-radius-bottom-right:0px;--awb-border-radius-bottom-left:0px;--awb-padding-top:0px;--awb-padding-right:0px;--awb-padding-bottom:0px;--awb-padding-left:0px;--awb-margin-bottom:-30px;--awb-background-color:rgba(255,255,255,0);--awb-flex-wrap:wrap;\" ><div class=\"fusion-builder-row fusion-row fusion-flex-align-items-flex-end fusion-flex-content-wrap\" style=\"width:104% !important;max-width:104% !important;margin-left: calc(-4% \/ 2 );margin-right: calc(-4% \/ 2 );\"><div class=\"fusion-layout-column fusion_builder_column fusion-builder-column-5 fusion_builder_column_1_1 1_1 fusion-flex-column fusion-flex-align-self-flex-end\" style=\"--awb-bg-size:cover;--awb-border-color:rgba(255,255,255,0);--awb-border-top:0px;--awb-border-right:0px;--awb-border-bottom:0px;--awb-border-left:0px;--awb-border-style:solid;--awb-width-large:100%;--awb-margin-top-large:0px;--awb-spacing-right-large:1.92%;--awb-margin-bottom-large:0px;--awb-spacing-left-large:1.92%;--awb-width-medium:100%;--awb-order-medium:0;--awb-spacing-right-medium:1.92%;--awb-spacing-left-medium:1.92%;--awb-width-small:100%;--awb-order-small:0;--awb-spacing-right-small:1.92%;--awb-spacing-left-small:1.92%;\" data-scroll-devices=\"small-visibility,medium-visibility,large-visibility\"><div class=\"fusion-column-wrapper fusion-column-has-shadow fusion-flex-justify-content-flex-end fusion-content-layout-column\"><div class=\"fusion-image-element\" style=\"text-align:center;--awb-margin-top:0px;--awb-margin-right:0px;--awb-margin-bottom:0px;--awb-margin-left:0px;--awb-caption-title-font-family:var(--h2_typography-font-family);--awb-caption-title-font-weight:var(--h2_typography-font-weight);--awb-caption-title-font-style:var(--h2_typography-font-style);--awb-caption-title-size:var(--h2_typography-font-size);--awb-caption-title-transform:var(--h2_typography-text-transform);--awb-caption-title-line-height:var(--h2_typography-line-height);--awb-caption-title-letter-spacing:var(--h2_typography-letter-spacing);\"><span class=\"fusion-imageframe imageframe-none imageframe-1 hover-type-none\"><img decoding=\"async\" width=\"2625\" height=\"405\" title=\"ppcnet_footer\" src=\"https:\/\/ppcnet.ca\/wp-content\/uploads\/2025\/02\/ppcnet_footer.png\" alt class=\"img-responsive wp-image-163\" srcset=\"https:\/\/ppcnet.ca\/wp-content\/uploads\/2025\/02\/ppcnet_footer-200x31.png 200w, https:\/\/ppcnet.ca\/wp-content\/uploads\/2025\/02\/ppcnet_footer-400x62.png 400w, https:\/\/ppcnet.ca\/wp-content\/uploads\/2025\/02\/ppcnet_footer-600x93.png 600w, https:\/\/ppcnet.ca\/wp-content\/uploads\/2025\/02\/ppcnet_footer-800x123.png 800w, https:\/\/ppcnet.ca\/wp-content\/uploads\/2025\/02\/ppcnet_footer-1200x185.png 1200w, https:\/\/ppcnet.ca\/wp-content\/uploads\/2025\/02\/ppcnet_footer.png 2625w\" sizes=\"(max-width: 640px) 100vw, 1200px\" \/><\/span><\/div><\/div><\/div><\/div><\/div><\/p>","protected":false},"excerpt":{"rendered":"","protected":false},"author":1,"featured_media":0,"parent":0,"menu_order":0,"comment_status":"closed","ping_status":"closed","template":"100-width.php","meta":{"footnotes":""},"class_list":["post-176","page","type-page","status-publish","hentry"],"_links":{"self":[{"href":"https:\/\/ppcnet.ca\/fr\/wp-json\/wp\/v2\/pages\/176","targetHints":{"allow":["GET"]}}],"collection":[{"href":"https:\/\/ppcnet.ca\/fr\/wp-json\/wp\/v2\/pages"}],"about":[{"href":"https:\/\/ppcnet.ca\/fr\/wp-json\/wp\/v2\/types\/page"}],"author":[{"embeddable":true,"href":"https:\/\/ppcnet.ca\/fr\/wp-json\/wp\/v2\/users\/1"}],"replies":[{"embeddable":true,"href":"https:\/\/ppcnet.ca\/fr\/wp-json\/wp\/v2\/comments?post=176"}],"version-history":[{"count":1,"href":"https:\/\/ppcnet.ca\/fr\/wp-json\/wp\/v2\/pages\/176\/revisions"}],"predecessor-version":[{"id":177,"href":"https:\/\/ppcnet.ca\/fr\/wp-json\/wp\/v2\/pages\/176\/revisions\/177"}],"wp:attachment":[{"href":"https:\/\/ppcnet.ca\/fr\/wp-json\/wp\/v2\/media?parent=176"}],"curies":[{"name":"wp","href":"https:\/\/api.w.org\/{rel}","templated":true}]}}