{"id":328,"date":"2025-03-22T23:05:59","date_gmt":"2025-03-22T23:05:59","guid":{"rendered":"https:\/\/ppcnet.ca\/?page_id=328"},"modified":"2025-03-24T00:10:24","modified_gmt":"2025-03-24T00:10:24","slug":"printed-materials","status":"publish","type":"page","link":"https:\/\/ppcnet.ca\/fr\/printed-materials\/","title":{"rendered":"Mat\u00e9riel imprim\u00e9"},"content":{"rendered":"Vous devez \u00eatre connect\u00e9 pour voir ce contenu.","protected":false},"excerpt":{"rendered":"Vous devez \u00eatre connect\u00e9 pour voir ce contenu.","protected":false},"author":2,"featured_media":0,"parent":0,"menu_order":0,"comment_status":"closed","ping_status":"closed","template":"100-width.php","meta":{"footnotes":""},"class_list":["post-328","page","type-page","status-publish","hentry"],"_links":{"self":[{"href":"https:\/\/ppcnet.ca\/fr\/wp-json\/wp\/v2\/pages\/328","targetHints":{"allow":["GET"]}}],"collection":[{"href":"https:\/\/ppcnet.ca\/fr\/wp-json\/wp\/v2\/pages"}],"about":[{"href":"https:\/\/ppcnet.ca\/fr\/wp-json\/wp\/v2\/types\/page"}],"author":[{"embeddable":true,"href":"https:\/\/ppcnet.ca\/fr\/wp-json\/wp\/v2\/users\/2"}],"replies":[{"embeddable":true,"href":"https:\/\/ppcnet.ca\/fr\/wp-json\/wp\/v2\/comments?post=328"}],"version-history":[{"count":18,"href":"https:\/\/ppcnet.ca\/fr\/wp-json\/wp\/v2\/pages\/328\/revisions"}],"predecessor-version":[{"id":366,"href":"https:\/\/ppcnet.ca\/fr\/wp-json\/wp\/v2\/pages\/328\/revisions\/366"}],"wp:attachment":[{"href":"https:\/\/ppcnet.ca\/fr\/wp-json\/wp\/v2\/media?parent=328"}],"curies":[{"name":"wp","href":"https:\/\/api.w.org\/{rel}","templated":true}]}}